{"id":10,"date":"2012-09-07T18:34:23","date_gmt":"2012-09-07T18:34:23","guid":{"rendered":"http:\/\/com-24.com\/en\/?page_id=10"},"modified":"2012-09-10T08:07:16","modified_gmt":"2012-09-10T08:07:16","slug":"contact","status":"publish","type":"page","link":"https:\/\/com-24.com\/en\/contact\/","title":{"rendered":"Contact"},"content":{"rendered":"<p><strong>24 communication, s.r.o.<\/strong><br \/>\n<strong>I\u010c: 284 16 961<\/strong> <strong><br \/>\nPraha 9, K Ciheln\u011b 679, PS\u010c 190 15, \u010cesk\u00e1\u00a0republika<\/strong><\/p>\n<p><strong>TEL: \u00a0 \u00a0 \u00a000420 777 66 76 86<\/strong> <strong><br \/>\nEmail: \u00a0info@com-24.com<\/strong><\/p>\n<ul>\n<li>Tom\u00e1\u0161 B\u00edl\u00fd &#8211; K\u00a0Ciheln\u011b 679, 190 15, Praha 9<\/li>\n<li>Radim Kroutil &#8211; Zahradn\u00ed 1928\/8, 405 20, D\u011b\u010d\u00edn<\/li>\n<\/ul>\n","protected":false},"excerpt":{"rendered":"<p>24 communication, s.r.o. I\u010c: 284 16 961 Praha 9, K Ciheln\u011b 679, PS\u010c 190 15, \u010cesk\u00e1\u00a0republika TEL: \u00a0 \u00a0 \u00a000420 777 66 76 86 Email: \u00a0info@com-24.com Tom\u00e1\u0161 B\u00edl\u00fd &#8211; K\u00a0Ciheln\u011b 679, 190 15, Praha 9 Radim Kroutil &#8211; Zahradn\u00ed 1928\/8, &hellip; <a href=\"https:\/\/com-24.com\/en\/contact\/\">Cel\u00fd p\u0159\u00edsp\u011bvek <span class=\"meta-nav\">&rarr;<\/span><\/a><\/p>\n","protected":false},"author":1,"featured_media":0,"parent":0,"menu_order":0,"comment_status":"open","ping_status":"open","template":"","meta":[],"_links":{"self":[{"href":"https:\/\/com-24.com\/en\/wp-json\/wp\/v2\/pages\/10"}],"collection":[{"href":"https:\/\/com-24.com\/en\/wp-json\/wp\/v2\/pages"}],"about":[{"href":"https:\/\/com-24.com\/en\/wp-json\/wp\/v2\/types\/page"}],"author":[{"embeddable":true,"href":"https:\/\/com-24.com\/en\/wp-json\/wp\/v2\/users\/1"}],"replies":[{"embeddable":true,"href":"https:\/\/com-24.com\/en\/wp-json\/wp\/v2\/comments?post=10"}],"version-history":[{"count":4,"href":"https:\/\/com-24.com\/en\/wp-json\/wp\/v2\/pages\/10\/revisions"}],"predecessor-version":[{"id":34,"href":"https:\/\/com-24.com\/en\/wp-json\/wp\/v2\/pages\/10\/revisions\/34"}],"wp:attachment":[{"href":"https:\/\/com-24.com\/en\/wp-json\/wp\/v2\/media?parent=10"}],"curies":[{"name":"wp","href":"https:\/\/api.w.org\/{rel}","templated":true}]}}