{"id":27,"date":"2012-09-07T18:49:43","date_gmt":"2012-09-07T18:49:43","guid":{"rendered":"http:\/\/com-24.com\/en\/?page_id=27"},"modified":"2012-09-07T18:49:43","modified_gmt":"2012-09-07T18:49:43","slug":"russian-translators","status":"publish","type":"page","link":"https:\/\/com-24.com\/en\/translators\/russian-translators\/","title":{"rendered":"Russian translators"},"content":{"rendered":"<table width=\"616\" border=\"0\" cellspacing=\"0\" cellpadding=\"0\">\n<colgroup>\n<col width=\"362\" \/>\n<col width=\"254\" \/> <\/colgroup>\n<tbody>\n<tr>\n<td width=\"362\" height=\"20\">Name<\/td>\n<td width=\"254\">\n<h3>Petr<\/h3>\n<\/td>\n<\/tr>\n<tr>\n<td height=\"21\">Language combinations<\/td>\n<td width=\"254\"><strong>From Russian to Czech, from Czech to Russian<\/strong> \u2013 judicial translator<\/td>\n<\/tr>\n<tr>\n<td height=\"40\">Education<\/td>\n<td width=\"254\">Vysok\u00e1 \u0161kola \u2013 strojn\u00ed fakulta Jmenov\u00e1n soudn\u00edm tlumo\u010dn\u00edkem<\/td>\n<\/tr>\n<tr>\n<td height=\"120\">Experience, References<\/td>\n<td width=\"254\">P\u0159eklady a tlumo\u010den\u00ed pro soudy, st\u00e1tn\u00ed zastupitelstv\u00ed, policii, ministerstva a mnoho dal\u0161\u00edch. P\u0159eklady zejm\u00e9na pr\u00e1vnick\u00fdch a technick\u00fdch text\u016f, doklady, formul\u00e1\u0159e, j\u00eddeln\u00ed l\u00edstky, sc\u00e9n\u00e1\u0159e\u2026<\/td>\n<\/tr>\n<tr>\n<td height=\"40\">Why choose me?<\/td>\n<td width=\"254\">Dlouhodob\u00e1 praxe, znalost pr\u00e1vnick\u00e9 a kriminalistick\u00e9 terminologie.<\/td>\n<\/tr>\n<\/tbody>\n<\/table>\n<p>&nbsp;<\/p>\n<table width=\"616\" border=\"0\" cellspacing=\"0\" cellpadding=\"0\">\n<tbody>\n<tr>\n<td width=\"362\" height=\"20\">Name<\/td>\n<td width=\"254\">\n<h3>Vladim\u00edr<\/h3>\n<\/td>\n<\/tr>\n<tr>\n<td height=\"21\">Language combinations<\/td>\n<td width=\"254\"><strong>From Russian to Czech, from Czech to Russian<\/strong><\/td>\n<\/tr>\n<tr>\n<td height=\"100\">Education<\/td>\n<td width=\"254\">Elektro-fyzik\u00e1ln\u00ed fakulta na Tomsk\u00e9 vysok\u00e9 \u0161kole technick\u00e9 S. M. Kirova Obor: fyzika pevn\u00fdch l\u00e1tek V\u011bdeck\u00e1 aspirantura pro specializaci &#8222;radia\u010dn\u00ed chemie&#8220;<\/td>\n<\/tr>\n<tr>\n<td height=\"40\">Experience, References<\/td>\n<td width=\"254\">P\u0159eklady v oborech technick\u00fdch, chemick\u00fdch, energetick\u00fdch a pr\u00e1vn\u00edch.<\/td>\n<\/tr>\n<tr>\n<td height=\"80\">Why choose me?<\/td>\n<td width=\"254\">Velk\u00fd p\u0159ehled v oblasti fyziky a chemie. Dlouhodob\u00e1 praxe v oboru, rodil\u00fd mluv\u010d\u00ed.<\/td>\n<\/tr>\n<\/tbody>\n<\/table>\n<p>&nbsp;<\/p>\n<table width=\"616\" border=\"0\" cellspacing=\"0\" cellpadding=\"0\">\n<colgroup>\n<col width=\"362\" \/>\n<col width=\"254\" \/> <\/colgroup>\n<tbody>\n<tr>\n<td width=\"362\" height=\"20\">Name<\/td>\n<td width=\"254\">\n<h3>Jan<\/h3>\n<\/td>\n<\/tr>\n<tr>\n<td height=\"41\">Language combinations<\/td>\n<td width=\"254\"><strong>From Russian to Czech, from Czech to Russian;<\/strong> <strong>from English to Czech, from Czech to English; from German to Czech, from Czech to German + foreign language combinations <\/strong>\u2013 judicial translator<\/td>\n<\/tr>\n<tr>\n<td height=\"100\">Education<\/td>\n<td width=\"254\">Filozofick\u00e1 fakulta Univerzity Karlovy Obor: p\u0159ekladatelstv\u00ed a tlumo\u010dnictv\u00ed \u2013 n\u011bm\u010diny\/ru\u0161tina St\u00e1tn\u00ed jazykov\u00e1 zkou\u0161ka z NJ a AJ Jmenov\u00e1n soudn\u00edm tlumo\u010dn\u00edkem<\/td>\n<\/tr>\n<tr>\n<td height=\"80\">Experience, References<\/td>\n<td width=\"254\">P\u0159eklad n\u011bkolika odborn\u00fdch publikac\u00ed. P\u0159eklady pro soukrom\u00e9 osoby, firmy a p\u0159ekladatelsk\u00e9 agentury &#8211; smlouvy, pr\u00e1vo, ekonomie, technika.<\/td>\n<\/tr>\n<tr>\n<td height=\"80\">Why choose me?<\/td>\n<td width=\"254\">Vysok\u00e9 Education v p\u0159ekladatelsk\u00e9m oboru, dlouhodob\u00e1 praxe, znalost pr\u00e1va a ekonomie. P\u0159\u00edm\u00e9 p\u0159eklady mezi ciz\u00edmi jazyky (AJ\/NJ\/RJ).<\/td>\n<\/tr>\n<\/tbody>\n<\/table>\n","protected":false},"excerpt":{"rendered":"<p>Name Petr Language combinations From Russian to Czech, from Czech to Russian \u2013 judicial translator Education Vysok\u00e1 \u0161kola \u2013 strojn\u00ed fakulta Jmenov\u00e1n soudn\u00edm tlumo\u010dn\u00edkem Experience, References P\u0159eklady a tlumo\u010den\u00ed pro soudy, st\u00e1tn\u00ed zastupitelstv\u00ed, policii, ministerstva a mnoho dal\u0161\u00edch. P\u0159eklady zejm\u00e9na &hellip; <a href=\"https:\/\/com-24.com\/en\/translators\/russian-translators\/\">Cel\u00fd p\u0159\u00edsp\u011bvek <span class=\"meta-nav\">&rarr;<\/span><\/a><\/p>\n","protected":false},"author":1,"featured_media":0,"parent":13,"menu_order":0,"comment_status":"open","ping_status":"open","template":"","meta":[],"_links":{"self":[{"href":"https:\/\/com-24.com\/en\/wp-json\/wp\/v2\/pages\/27"}],"collection":[{"href":"https:\/\/com-24.com\/en\/wp-json\/wp\/v2\/pages"}],"about":[{"href":"https:\/\/com-24.com\/en\/wp-json\/wp\/v2\/types\/page"}],"author":[{"embeddable":true,"href":"https:\/\/com-24.com\/en\/wp-json\/wp\/v2\/users\/1"}],"replies":[{"embeddable":true,"href":"https:\/\/com-24.com\/en\/wp-json\/wp\/v2\/comments?post=27"}],"version-history":[{"count":1,"href":"https:\/\/com-24.com\/en\/wp-json\/wp\/v2\/pages\/27\/revisions"}],"predecessor-version":[{"id":28,"href":"https:\/\/com-24.com\/en\/wp-json\/wp\/v2\/pages\/27\/revisions\/28"}],"up":[{"embeddable":true,"href":"https:\/\/com-24.com\/en\/wp-json\/wp\/v2\/pages\/13"}],"wp:attachment":[{"href":"https:\/\/com-24.com\/en\/wp-json\/wp\/v2\/media?parent=27"}],"curies":[{"name":"wp","href":"https:\/\/api.w.org\/{rel}","templated":true}]}}