{"id":7,"date":"2012-09-07T18:33:29","date_gmt":"2012-09-07T18:33:29","guid":{"rendered":"http:\/\/com-24.com\/en\/?page_id=7"},"modified":"2012-09-07T18:33:29","modified_gmt":"2012-09-07T18:33:29","slug":"about-us","status":"publish","type":"page","link":"https:\/\/com-24.com\/en\/about-us\/","title":{"rendered":"About us"},"content":{"rendered":"<p><strong><a href=\"http:\/\/com-24.com\/en\/wp-content\/uploads\/2012\/09\/IMG_5602.png\"><img decoding=\"async\" loading=\"lazy\" class=\"alignright size-medium wp-image-8\" title=\"IMG_5602\" src=\"http:\/\/com-24.com\/en\/wp-content\/uploads\/2012\/09\/IMG_5602-300x211.png\" alt=\"\" width=\"300\" height=\"211\" srcset=\"https:\/\/com-24.com\/en\/wp-content\/uploads\/2012\/09\/IMG_5602-300x211.png 300w, https:\/\/com-24.com\/en\/wp-content\/uploads\/2012\/09\/IMG_5602.png 625w\" sizes=\"(max-width: 300px) 100vw, 300px\" \/><\/a>AN INDIVIDUAL TRANSLATOR DOES NOT HAVE MANY OPPORTUNITIES TO WORK FOR MAJOR CLIENTS OR THE GOVERNMENT. THIS IS WHY WE JOINED FORCES UNDER THE BANNER OF 24 COMMUNICATION.<\/strong><\/p>\n<p>Thanks to our experience with the management of complex language projects and the expertise of our staff we are able to provide the <strong>quality <\/strong>which you expect from us. Our translators include qualified and experienced specialists in different languages and fields and bilingual native foreign language speakers who help us provide semantically<strong> precise translations<\/strong>. All our products are subject to a <strong>quality check<\/strong> in accordance with your needs and requirements. Reliable delivery of our services within the required deadlines is a matter of course.<\/p>\n<p>Today <strong>THE SUCCESS <\/strong>in business depends on the ability to make and retain <strong>strong bonds<\/strong> with clients and employees from different countries and cultures.<\/p>\n<p><strong>THE HIGH QUALITY<\/strong> of our translation services will enable you to expand into new international markets with the knowledge that the message you are trying to convey will be delivered <strong>accurately and faithfully<\/strong>.<\/p>\n<p><strong>YOU DO NOT HAVE TO PAY ANY COMMISSION FOR OUR TRANSLATION AGENCY.<\/strong> With us you pay for a quality translation. You do not pay for our advertisement or offices at a prestigious address. You get a perfect service directly from our professional translators and interpreters.<\/p>\n<p>We are communicative and flexible, available <strong>24 hours a day, 7 days a week<\/strong>. We work efficiently, we won\u2019t shun new opportunities.<\/p>\n","protected":false},"excerpt":{"rendered":"<p>AN INDIVIDUAL TRANSLATOR DOES NOT HAVE MANY OPPORTUNITIES TO WORK FOR MAJOR CLIENTS OR THE GOVERNMENT. THIS IS WHY WE JOINED FORCES UNDER THE BANNER OF 24 COMMUNICATION. Thanks to our experience with the management of complex language projects and &hellip; <a href=\"https:\/\/com-24.com\/en\/about-us\/\">Cel\u00fd p\u0159\u00edsp\u011bvek <span class=\"meta-nav\">&rarr;<\/span><\/a><\/p>\n","protected":false},"author":1,"featured_media":0,"parent":0,"menu_order":0,"comment_status":"open","ping_status":"open","template":"","meta":[],"_links":{"self":[{"href":"https:\/\/com-24.com\/en\/wp-json\/wp\/v2\/pages\/7"}],"collection":[{"href":"https:\/\/com-24.com\/en\/wp-json\/wp\/v2\/pages"}],"about":[{"href":"https:\/\/com-24.com\/en\/wp-json\/wp\/v2\/types\/page"}],"author":[{"embeddable":true,"href":"https:\/\/com-24.com\/en\/wp-json\/wp\/v2\/users\/1"}],"replies":[{"embeddable":true,"href":"https:\/\/com-24.com\/en\/wp-json\/wp\/v2\/comments?post=7"}],"version-history":[{"count":1,"href":"https:\/\/com-24.com\/en\/wp-json\/wp\/v2\/pages\/7\/revisions"}],"predecessor-version":[{"id":9,"href":"https:\/\/com-24.com\/en\/wp-json\/wp\/v2\/pages\/7\/revisions\/9"}],"wp:attachment":[{"href":"https:\/\/com-24.com\/en\/wp-json\/wp\/v2\/media?parent=7"}],"curies":[{"name":"wp","href":"https:\/\/api.w.org\/{rel}","templated":true}]}}